{"id":4877,"date":"2014-05-29T08:40:50","date_gmt":"2014-05-29T08:40:50","guid":{"rendered":"http:\/\/xavilarrull.com\/?page_id=4875"},"modified":"2014-05-29T08:40:50","modified_gmt":"2014-05-29T08:40:50","slug":"politica-de-cookies","status":"publish","type":"page","link":"https:\/\/xavilarrull.com\/?page_id=4877","title":{"rendered":"Pol\u00edtica de cookies"},"content":{"rendered":"<p>Pol\u00edtica de cookies<\/p>\n<p>a) Utilizaci\u00f3n de Cookies y Web Bugs por las Webs de XAVI LARRULL<br \/>\nb) Tipolog\u00eda, finalidad y funcionamiento de las Cookies<\/p>\n<p>c) C\u00f3mo deshabilitar las Cookies y los Web Bugs en los principales navegadores<\/p>\n<p>d) Qu\u00e9 ocurre si se deshabilitan las Cookies<\/p>\n<p>a) Utilizaci\u00f3n de Cookies y Web Bugs por las Webs de XAVI LARRULL:<\/p>\n<p>Las Webs de XAVI LARRULL utilizan \u00a8Cookies\u00a8, y otros mecanismos similares (en adelante, Cookies). Las Cookies son ficheros enviados a un navegador por medio de un servidor web para registrar las actividades del Usuario en una web determinada o en todas las webs, apps y\/o servicios de las Webs de XAVI LARRULL (en adelante, los Servicios). La primera finalidad de las Cookies es la de facilitar al Usuario un acceso m\u00e1s r\u00e1pido a los Servicios seleccionados. Adem\u00e1s, las Cookies personalizan los Servicios que ofrece las Webs de XAVI LARRULL, facilitando y ofreciendo a cada Usuario informaci\u00f3n que es de su inter\u00e9s o que puede ser de su inter\u00e9s, en atenci\u00f3n al uso que realiza de los Servicios.<\/p>\n<p>Las Webs de XAVI LARRULL utilizan Cookies para personalizar y facilitar al m\u00e1ximo la navegaci\u00f3n del Usuario. Las Cookies se asocian \u00fanicamente a un Usuario an\u00f3nimo y su ordenador y no proporcionan referencias que permitan deducir datos personales del Usuario. El Usuario podr\u00e1 configurar su navegador para que notifique y rechace la instalaci\u00f3n de las Cookies enviadas por las Webs de XAVI LARRULL, sin que ello perjudique la posibilidad del Usuario de acceder a los Contenidos. Sin embargo, le hacemos notar que, en todo caso, la calidad de funcionamiento de la p\u00e1gina Web puede disminuir.<\/p>\n<p>Los Usuarios registrados que se registren o que hayan iniciado sesi\u00f3n, podr\u00e1n beneficiarse de unos servicios m\u00e1s personalizados y orientados a su perfil, gracias a la combinaci\u00f3n de los datos almacenados en las cookies con los datos personales utilizados en el momento de su registro. Dichos Usuarios autorizan expresamente el uso de esta informaci\u00f3n con la finalidad indicada, sin perjuicio de su derecho a rechazar o deshabilitar el uso de cookies.<\/p>\n<p>Asimismo, las Webs de XAVI LARRULL podr\u00e1n saber todos los Servicios del XAVI LARRULL solicitados por los Usuarios, de forma que podr\u00e1n facilitar u ofrecer informaci\u00f3n adecuada a los gustos y preferencias de cada Usuario. La lista de empresas que gestionan los Servicios del XAVI LARRULL, puede consultarse a trav\u00e9s del siguiente enlace: www.prisacom.com\/static\/derechos_arco.html<\/p>\n<p>Las Webs de XAVI LARRULL tambi\u00e9n utiliza Web Bugs, que son im\u00e1genes diminutas y transparentes insertas en los emails. Cuando el Usuario abre el email, esta imagen se descarga junto con el resto del contenido del email y permite conocer si un email concreto ha sido abierto o no, as\u00ed como la direcci\u00f3n IP desde la que se ha descargado. Las Webs de XAVI LARRULL utilizan esta informaci\u00f3n para obtener estad\u00edsticas y poner realizar estudios anal\u00edticos sobre la recepci\u00f3n de sus emails por parte de los Usuarios.<\/p>\n<p>b) Tipolog\u00eda, finalidad y funcionamiento de las Cookies:<\/p>\n<p>Las Cookies, en funci\u00f3n de su permanencia, pueden dividirse en Cookies de sesi\u00f3n o permanentes. Las primeras expiran cuando el Usuario cierra el navegador. Las segundas expiran en funci\u00f3n cuando se cumpla el objetivo para el que sirven (por ejemplo, para que el Usuario se mantenga identificado en los Servicios del XAVI LARRULL) o bien cuando se borran manualmente.<\/p>\n<p>Adicionalmente, en funci\u00f3n de su objetivo, las Cookies puedes clasificarse de la siguiente forma:<\/p>\n<p>COOKIES DE RENDIMIENTO: Este tipo de Cookie recuerda sus preferencias para las herramientas que se encuentran en los Servicios, por lo que no tiene que volver a configurar el servicio cada vez que usted visita. A modo de ejemplo, en esta tipolog\u00eda se incluyen:<\/p>\n<p>    Ajustes de volumen de reproductores de v\u00eddeo o sonido.<br \/>\n    Las velocidades de transmisi\u00f3n de v\u00eddeo que sean compatibles con su navegador.<br \/>\n    Los objetos guardados en el \u201ccarrito de la compra\u201d en los Servicios de E-commerce tales como tiendas.<\/p>\n<p>COOKIES DE GEO-LOCALIZACI\u00d3N: Estas Cookies son utilizadas para averiguar en qu\u00e9 pa\u00eds se encuentra cuando se solicita un Servicio. Esta Cookie es totalmente an\u00f3nima, y s\u00f3lo se utiliza para ayudar a orientar el contenido a su ubicaci\u00f3n.<\/p>\n<p>COOKIES DE REGISTRO: Las Cookies de registro se generan una vez que el Usuario se ha registrado o posteriormente ha abierto su sesi\u00f3n, y se utilizan para identificarle en los Servicios con los siguientes objetivos:<\/p>\n<p>    Mantener al Usuario identificado de forma que, si cierra un Servicio, el navegador o el ordenador y en otro momento u otro d\u00eda vuelve a entrar en dicho Servicio, seguir\u00e1 identificado, facilitando as\u00ed su navegaci\u00f3n sin tener que volver a identificarse. Esta funcionalidad se puede suprimir si el Usuario pulsa la funcionalidad \u201ccerrar sesi\u00f3n\u201d, de forma que esta Cookie se elimina y la pr\u00f3xima vez que entre en el Servicio el Usuario tendr\u00e1 que iniciar sesi\u00f3n para estar identificado.<\/p>\n<p>    Comprobar si el Usuario est\u00e1 autorizado para acceder a ciertos Servicios, por ejemplo, para participar en un concurso.<\/p>\n<p>Adicionalmente, algunos Servicios pueden utilizar conectores con redes sociales tales como Facebook o Twitter. Cuando el Usuario se registra en un Servicio con credenciales de una red social, autoriza a la red social a guardar una Cookie persistente que recuerda su identidad y le garantiza acceso a los Servicios hasta que expira. El Usuario puede borrar esta Cookie y revocar el acceso a los Servicios mediante redes sociales actualizando sus preferencias en la red social que espec\u00edfica.<\/p>\n<p>COOKIES DE ANAL\u00cdTICAS: Cada vez que un Usuario visita un Servicio, una herramienta de un proveedor externo (Omniture, Netscope, Comscore y similares que podr\u00e1n a\u00f1adirse a este listado en caso de que var\u00eden en relaci\u00f3n con los actuales) genera una Cookie anal\u00edtica en el ordenador del Usuario. Esta Cookie que s\u00f3lo se genera en la visita, servir\u00e1 en pr\u00f3ximas visitas a los Servicios del XAVI LARRULL para identificar de forma an\u00f3nima al visitante. Los objetivos principales que se persiguen son:<\/p>\n<p>    Permitir la identificaci\u00f3n an\u00f3nima de los Usuarios navegantes a trav\u00e9s de la \u201cCookie\u201d (identifica navegadores y dispositivos, no personas) y por lo tanto la contabilizaci\u00f3n aproximada del n\u00famero de visitantes y su tendencia en el tiempo.<br \/>\n    Identificar de forma an\u00f3nima los contenidos m\u00e1s visitados y por lo tanto m\u00e1s atractivos para los Usuarios<br \/>\n    Saber si el Usuario que est\u00e1 accediendo es nuevo o repite visita.<\/p>\n<p>Importante: Salvo que el Usuario decida registrarse en un Servicio del XAVI LARRULL, la \u201cCookie\u201d nunca ir\u00e1 asociada a ning\u00fan dato de car\u00e1cter personal que pueda identificarle. Dichas Cookies s\u00f3lo ser\u00e1n utilizadas con prop\u00f3sitos estad\u00edsticos que ayuden a la optimizaci\u00f3n de la experiencia de los Usuarios en el sitio.<\/p>\n<p>M\u00e1s informaci\u00f3n sobre la pol\u00edtica de privacidad de estas herramientas en:<\/p>\n<p>    Omniture: www.omniture.com\/es\/privacy;<br \/>\n    Comscore: www.comscore.com\/esl\/About_comScore\/Privacy_Policy; y<br \/>\n    Netscope: www.net-scope.com\/oursolutions\/oursolutions.aspx.<\/p>\n<p>COOKIES DE PUBLICIDAD: Este tipo de \u201cCookies\u201d permiten ampliar la informaci\u00f3n de los anuncios mostrados a cada Usuario an\u00f3nimo en los Servicios del XAVI LARRULL. Entre otros, se almacena la duraci\u00f3n o frecuencia de visualizaci\u00f3n de posiciones publicitarias, la interacci\u00f3n con las mismas, o los patrones de navegaci\u00f3n y\/o comportamientos del Usuario ya que ayudan a conformar un perfil de inter\u00e9s publicitario. De este modo, permiten ofrecer publicidad af\u00edn a los intereses del Usuario.<\/p>\n<p>COOKIES PUBLICITARIAS DE TERCEROS: Adem\u00e1s de la publicidad gestionada por las Webs de XAVI LARRULL en sus Servicios, las Webs de XAVI LARRULL ofrecen a sus anunciantes la opci\u00f3n de servir anuncios a trav\u00e9s de terceros (\u201cAd-Servers\u201d). De este modo, estos terceros pueden almacenar Cookies enviadas desde los Servicios del XAVI LARRULL procedentes de los navegadores de los Usuarios, as\u00ed como acceder a los datos que en ellas se guardan.<\/p>\n<p>Las empresas que generan estas Cookies tienen sus propias pol\u00edticas de privacidad. En la actualidad, las Webs de XAVI LARRULL utilizan la plataforma Doubleclick (Google) para gestionar estos servicios. Para m\u00e1s informaci\u00f3n, acuda a http:\/\/www.google.es\/policies\/privacy\/ads\/#toc-doubleclick y a http:\/\/www.google.es\/policies\/privacy\/ads\/. <\/p>\n<p>c) C\u00f3mo deshabilitar las Cookies y los Web Bugs en los principales navegadores:<\/p>\n<p>Normalmente es posible dejar de aceptar las Cookies del navegador, o dejar de aceptar las Cookies de un Servicio en particular.<\/p>\n<p>Todos los navegadores modernos permiten cambiar la configuraci\u00f3n de Cookies. Estos ajustes normalmente se encuentra en las \u2018opciones\u2019 o \u2018Preferencias\u2019 del men\u00fa de su navegador. Asimismo, puede configurar su navegador o su gestor de correo electr\u00f3nico, as\u00ed como instalar complementos gratuitos para evitar que se descarguen los Web Bugs al abrir un email.<\/p>\n<p>Las Webs de XAVI LARRULL ofrecen orientaci\u00f3n al Usuario sobre los pasos para acceder al men\u00fa de configuraci\u00f3n de las cookies y, en su caso, de la navegaci\u00f3n privada en cada uno de los navegadores principales:<\/p>\n<p>    Internet Explorer: Herramientas -> Opciones de Internet -> Privacidad -> Configuraci\u00f3n.<\/p>\n<p>Para m\u00e1s informaci\u00f3n, puede consultar el soporte de Microsoft o la Ayuda del navegador.<\/p>\n<p>    Firefox: Herramientas -> Opciones -> Privacidad -> Historial -> Configuraci\u00f3n Personalizada.<\/p>\n<p>Para m\u00e1s informaci\u00f3n, puede consultar el soporte de Mozilla o la Ayuda del navegador.<\/p>\n<p>    Chrome: Configuraci\u00f3n -> Mostrar opciones avanzadas -> Privacidad -> Configuraci\u00f3n de contenido.<\/p>\n<p>Para m\u00e1s informaci\u00f3n, puede consultar el soporte de Google o la Ayuda del navegador.<\/p>\n<p>    Safari: Preferencias -> Seguridad.<\/p>\n<p>Para m\u00e1s informaci\u00f3n, puede consultar el soporte de Apple o la Ayuda del navegador.<\/p>\n<p>d) Qu\u00e9 ocurre si se deshabilitan las Cookies:<\/p>\n<p>Algunas funcionalidades de los Servicios quedar\u00e1n deshabilitados como, por ejemplo, permanecer  identificado, mantener las compras en el \u201ccarrito de la compra\u201d en un Servicio de e-commerce, recibir informaci\u00f3n dirigida a su localizaci\u00f3n o la visualizaci\u00f3n de algunos v\u00eddeos.<\/p>\n<p>ACTUALIZACIONES Y CAMBIOS EN LA POL\u00cdTICA DE PRIVACIDAD \/ COOKIES:<\/p>\n<p>Las Webs de XAVI LARRULL pueden modificar esta Pol\u00edtica de Cookies en funci\u00f3n de exigencias legislativas, reglamentarias, o con la finalidad de adaptar dicha pol\u00edtica a las instrucciones dictadas por la Agencia Espa\u00f1ola de Protecci\u00f3n de Datos, por ello se aconseja a los Usuarios que la visiten peri\u00f3dicamente.<\/p>\n<p>Cuando se produzcan cambios significativos en esta Pol\u00edtica de Cookies, se comunicar\u00e1n a los Usuarios bien mediante la web o a trav\u00e9s de correo electr\u00f3nico a los Usuarios registrados.<\/p>\n","protected":false},"excerpt":{"rendered":"<p>Pol\u00edtica de cookies a) Utilizaci\u00f3n de Cookies y Web Bugs por las Webs de XAVI LARRULL b) Tipolog\u00eda, finalidad y funcionamiento de las Cookies c) C\u00f3mo deshabilitar las Cookies y los Web Bugs en los principales navegadores d) Qu\u00e9 ocurre si se deshabilitan las Cookies a) Utilizaci\u00f3n de Cookies y Web Bugs por las Webs<\/p>\n","protected":false},"author":1,"featured_media":0,"parent":0,"menu_order":0,"comment_status":"open","ping_status":"open","template":"","meta":[],"_links":{"self":[{"href":"https:\/\/xavilarrull.com\/index.php?rest_route=\/wp\/v2\/pages\/4877"}],"collection":[{"href":"https:\/\/xavilarrull.com\/index.php?rest_route=\/wp\/v2\/pages"}],"about":[{"href":"https:\/\/xavilarrull.com\/index.php?rest_route=\/wp\/v2\/types\/page"}],"author":[{"embeddable":true,"href":"https:\/\/xavilarrull.com\/index.php?rest_route=\/wp\/v2\/users\/1"}],"replies":[{"embeddable":true,"href":"https:\/\/xavilarrull.com\/index.php?rest_route=%2Fwp%2Fv2%2Fcomments&post=4877"}],"version-history":[{"count":0,"href":"https:\/\/xavilarrull.com\/index.php?rest_route=\/wp\/v2\/pages\/4877\/revisions"}],"wp:attachment":[{"href":"https:\/\/xavilarrull.com\/index.php?rest_route=%2Fwp%2Fv2%2Fmedia&parent=4877"}],"curies":[{"name":"wp","href":"https:\/\/api.w.org\/{rel}","templated":true}]}}