{"id":55,"date":"2013-09-11T09:34:54","date_gmt":"2013-09-11T09:34:54","guid":{"rendered":"http:\/\/visia.themes.pixelentity.com\/?page_id=55"},"modified":"2013-09-11T09:34:54","modified_gmt":"2013-09-11T09:34:54","slug":"home","status":"publish","type":"page","link":"https:\/\/xavilarrull.com\/","title":{"rendered":"INICIO"},"content":{"rendered":"<h5>Nuestros objetivos se basan en ofrecer a nuestros clientes soluciones creativas en las distintas \u00e1reas del mundo del dise\u00f1o, la fotograf\u00eda, el marketing y la comunicaci\u00f3n. Ofreci\u00e9ndole una atenci\u00f3n personal y especializada, adem\u00e1s de un asesoramiento integral en todas las fases de su proyecto.<\/h5>\n<h5>\n","protected":false},"excerpt":{"rendered":"<p>Nuestros objetivos se basan en ofrecer a nuestros clientes soluciones creativas en las distintas \u00e1reas del mundo del dise\u00f1o, la fotograf\u00eda, el marketing y la comunicaci\u00f3n. Ofreci\u00e9ndole una atenci\u00f3n personal y especializada, adem\u00e1s de un asesoramiento integral en todas las fases de su proyecto.<\/p>\n","protected":false},"author":1,"featured_media":0,"parent":0,"menu_order":0,"comment_status":"open","ping_status":"closed","template":"page_home.php","meta":[],"_links":{"self":[{"href":"https:\/\/xavilarrull.com\/index.php?rest_route=\/wp\/v2\/pages\/55"}],"collection":[{"href":"https:\/\/xavilarrull.com\/index.php?rest_route=\/wp\/v2\/pages"}],"about":[{"href":"https:\/\/xavilarrull.com\/index.php?rest_route=\/wp\/v2\/types\/page"}],"author":[{"embeddable":true,"href":"https:\/\/xavilarrull.com\/index.php?rest_route=\/wp\/v2\/users\/1"}],"replies":[{"embeddable":true,"href":"https:\/\/xavilarrull.com\/index.php?rest_route=%2Fwp%2Fv2%2Fcomments&post=55"}],"version-history":[{"count":0,"href":"https:\/\/xavilarrull.com\/index.php?rest_route=\/wp\/v2\/pages\/55\/revisions"}],"wp:attachment":[{"href":"https:\/\/xavilarrull.com\/index.php?rest_route=%2Fwp%2Fv2%2Fmedia&parent=55"}],"curies":[{"name":"wp","href":"https:\/\/api.w.org\/{rel}","templated":true}]}}